{"id":388,"date":"2025-08-31T14:49:37","date_gmt":"2025-08-31T14:49:37","guid":{"rendered":"https:\/\/magickalligino.com\/?page_id=388"},"modified":"2026-05-05T20:45:56","modified_gmt":"2026-05-05T20:45:56","slug":"unsere-zucht","status":"publish","type":"page","link":"https:\/\/magickalligino.com\/?page_id=388","title":{"rendered":"Unsere Zucht"},"content":{"rendered":"\n<p class=\"has-small-font-size\">Bei unserer Zucht legen wir gr\u00f6\u00dften Wert auf&nbsp;<strong>gesunde und sorgf\u00e4ltig getestete Elterntiere<\/strong>.<br>Unsere H\u00fcndinnen und R\u00fcden werden umfassend untersucht: Sie sind mindestens getestet auf&nbsp;<strong>HD, PRA, FN und AON<\/strong>. <br>Dar\u00fcber hinaus erfolgt ein offizieller&nbsp;<strong>ECVO-Augencheck<\/strong>, bei dem auf&nbsp;<strong>PRA, Katarakt sowie weitere erbliche Augenerkrankungen<\/strong>&nbsp;geachtet wird.<\/p>\n\n\n\n<p class=\"has-small-font-size\">Unsere Hunde verf\u00fcgen selbstverst\u00e4ndlich \u00fcber eine&nbsp;<strong>Zuchtzulassung inklusive bestandener Wesens\u00fcberpr\u00fcfung<\/strong>.<br>Diese haben sie mit Bravour gemeistert und dabei ihr&nbsp;<strong>ausgeglichenes Temperament, ihre Freundlichkeit und ihre Nervenst\u00e4rke<\/strong>&nbsp;unter Beweis gestellt.<\/p>\n\n\n\n<p class=\"has-small-font-size\">Damit erf\u00fcllen sie nicht nur alle gesundheitlichen Anforderungen, sondern \u00fcberzeugen auch durch ihr&nbsp;<strong>vorbildliches Wesen<\/strong>&nbsp;\u2013 die beste Grundlage f\u00fcr eine verantwortungsvolle und liebevolle Zucht. So k\u00f6nnen wir sicherstellen, dass unsere Nachzucht die besten Voraussetzungen f\u00fcr ein&nbsp;<strong>langes, gesundes und gl\u00fcckliches Leben<\/strong>&nbsp;mitbringt.<br><br>Wenn wir ein Wurf planen, gehen&nbsp;<strong>Monate der sorgf\u00e4ltigen Vorbereitung<\/strong>&nbsp;voraus.<br>Unsere H\u00fcndin wird getestet und nach positivem Befund zur&nbsp;<strong>Zuchtzulassung<\/strong>&nbsp;vorgestellt.<\/p>\n\n\n\n<p class=\"has-small-font-size\">Dann beginnt die Suche nach geeigneten&nbsp;<strong>R\u00fcden<\/strong>, die wir anhand des&nbsp;<strong>COI und AVK \u00fcber 10 Generationen<\/strong>, sowie unter Ber\u00fccksichtigung von&nbsp;<strong>Gesundheit, Verhalten und \u00e4u\u00dferen Merkmalen<\/strong>&nbsp;ausw\u00e4hlen. Wir w\u00e4gen alles genau ab, und treffen schlie\u00dflich eine Entscheidung \u2013 und hoffen nat\u00fcrlich, dass wir dabei bleiben, haha.<\/p>\n\n\n\n<p class=\"has-small-font-size\">Anschlie\u00dfend warten wir auf die&nbsp;<strong>L\u00e4ufigkeit<\/strong>&nbsp;unserer H\u00fcndin. Ab dem&nbsp;<strong>8. Tag<\/strong>&nbsp;beginnen wir mit der Messung des&nbsp;<strong>Progesterons<\/strong>&nbsp;mittels Blutabnahme. Das bedeutet h\u00e4ufig&nbsp;<strong>alle zwei Tage zum Spezialisten<\/strong> in den Niederlande fahren, da wir mit dem&nbsp;<strong>Immulite-Test<\/strong> arbeiten, der leider nicht in der N\u00e4he verf\u00fcgbar ist, aber als am zuverl\u00e4ssigsten gilt. Meistens sind&nbsp;<strong>3\u20135 Besuche<\/strong> erforderlich.<\/p>\n\n\n\n<p class=\"has-small-font-size\">Zum richtigen Zeitpunkt bringen wir unsere H\u00fcndin dann zum R\u00fcden. Bei unserem n\u00e4chst geplanten Wurf bedeutet das zbs., dass wir nach das Ausland\u00a0reisen werden.<br><br>Unsere Welpen wachsen in unserem Haus auf und lernen dadurch den Alltag von Anfang an bestens kennen. Die Wurfkiste steht im Wohnzimmer, sodass die Welpen stets mitten im Familienleben sind, bis sie zu ihren neuen Familien ziehen. Sie sind vertraut mit Ger\u00e4uschen wie Fernseher, Radio, Staubsauger und allem, was im t\u00e4glichen Leben passiert. Mit zunehmendem Alter haben sie zudem Kontakt zu unseren anderen Hunden, die ebenfalls im Haushalt leben.<br><br>Ab einem Alter von drei\/vier Wochen d\u00fcrfen die Welpen ihre ersten Besucher empfangen, wodurch sie weiter an Menschen und neue Situationen gew\u00f6hnt werden.<\/p>\n\n\n\n<p class=\"has-small-font-size\">Wenn unsere bei uns geborenen Welpen in ihre neuen Familien ziehen, sind sie&nbsp;<strong>geimpft, mehrfach entwurmt und gechippt<\/strong>.<br>Au\u00dferdem erhalten sie einen&nbsp;<strong>EU-Heimtierausweis<\/strong>, eine&nbsp;<strong>Ahnentafel des Spaniel Club Deutschland<\/strong>&nbsp;sowie ein liebevoll zusammengestelltes&nbsp;<strong>Welpenpaket<\/strong>&nbsp;f\u00fcr den Start ins neue Zuhause. Dar\u00fcber hinaus erhalten Sie als Welpenk\u00e4ufer eine&nbsp;<strong>umfangreiche Informationsmappe<\/strong>, die wertvolle&nbsp;<strong>F\u00fctterungs- und Pflegetipps<\/strong>&nbsp;enth\u00e4lt.<\/p>\n\n\n\n<p class=\"has-small-font-size\">Ein bei uns geborener Welpe wird mit&nbsp;<strong>aller Liebe der Welt<\/strong>&nbsp;auf dieser Erde willkommen gehei\u00dfen und mit viel Hingabe und Energie sowohl von seiner Mama als auch von unserer gesamten Familie gro\u00dfgezogen und umsorgt.<br>Mit der \u00dcbergabe des Welpen nehmen Sie daher auch ein&nbsp;<strong>St\u00fcck unseres Herzens<\/strong>&nbsp;mit nach Hause.<br>Nat\u00fcrlich freuen wir uns sehr, auch weiterhin vom Wohlergehen Ihres Cockers zu h\u00f6ren und stehen Ihnen ein&nbsp;<strong>Cockerleben lang<\/strong>&nbsp;mit Rat und Tat zur Seite, wann immer Sie Fragen haben.<\/p>\n\n\n\n<p><em>F\u00fcr uns ist jeder Welpe ein Familienmitglied \u2013 und wir freuen uns, wenn auch Sie ein Teil unserer Cockerfamilie werden<\/em>!<\/p>\n","protected":false},"excerpt":{"rendered":"<p>Bei unserer Zucht legen wir gr\u00f6\u00dften Wert auf&nbsp;gesunde und sorgf\u00e4ltig getestete Elterntiere.Unsere H\u00fcndinnen und R\u00fcden werden umfassend untersucht: Sie sind mindestens getestet auf&nbsp;HD, PRA, FN und AON. Dar\u00fcber hinaus erfolgt ein offizieller&nbsp;ECVO-Augencheck, bei dem auf&nbsp;PRA, Katarakt sowie weitere erbliche Augenerkrankungen&nbsp;geachtet wird. Unsere Hunde verf\u00fcgen selbstverst\u00e4ndlich \u00fcber eine&nbsp;Zuchtzulassung inklusive bestandener Wesens\u00fcberpr\u00fcfung.Diese haben sie mit Bravour gemeistert [&hellip;]<\/p>\n","protected":false},"author":1,"featured_media":0,"parent":0,"menu_order":0,"comment_status":"closed","ping_status":"closed","template":"","meta":{"_kadence_starter_templates_imported_post":false,"footnotes":""},"class_list":["post-388","page","type-page","status-publish","hentry"],"_links":{"self":[{"href":"https:\/\/magickalligino.com\/index.php?rest_route=\/wp\/v2\/pages\/388","targetHints":{"allow":["GET"]}}],"collection":[{"href":"https:\/\/magickalligino.com\/index.php?rest_route=\/wp\/v2\/pages"}],"about":[{"href":"https:\/\/magickalligino.com\/index.php?rest_route=\/wp\/v2\/types\/page"}],"author":[{"embeddable":true,"href":"https:\/\/magickalligino.com\/index.php?rest_route=\/wp\/v2\/users\/1"}],"replies":[{"embeddable":true,"href":"https:\/\/magickalligino.com\/index.php?rest_route=%2Fwp%2Fv2%2Fcomments&post=388"}],"version-history":[{"count":6,"href":"https:\/\/magickalligino.com\/index.php?rest_route=\/wp\/v2\/pages\/388\/revisions"}],"predecessor-version":[{"id":510,"href":"https:\/\/magickalligino.com\/index.php?rest_route=\/wp\/v2\/pages\/388\/revisions\/510"}],"wp:attachment":[{"href":"https:\/\/magickalligino.com\/index.php?rest_route=%2Fwp%2Fv2%2Fmedia&parent=388"}],"curies":[{"name":"wp","href":"https:\/\/api.w.org\/{rel}","templated":true}]}}