{"id":238,"date":"2023-07-30T16:37:58","date_gmt":"2023-07-30T16:37:58","guid":{"rendered":"http:\/\/magickalligino.com\/?page_id=238"},"modified":"2025-10-19T12:17:53","modified_gmt":"2025-10-19T12:17:53","slug":"impressum","status":"publish","type":"page","link":"https:\/\/magickalligino.com\/?page_id=238","title":{"rendered":"Impressum"},"content":{"rendered":"\n<p class=\"has-small-font-size\"><strong>Angaben gem\u00e4\u00df \u00a7 5 TMG:<\/strong><br>Susanne van Loosen &#8211; Spruit\u00a0<br>Oberstrasse 7<br>53937 Schleiden<br><br><strong>Kontakt:<\/strong><br>Telefon:\u00a0<a href=\"tel:+49%20173%204381907\">+49 17<\/a>4-2447615<br><a href=\"mailto:rheincocker@gmx.de\" target=\"_blank\" rel=\"noreferrer noopener\">E-Mail: <\/a>magickalligino@gmail.com<br><br><strong>Haftung f\u00fcr Inhalte<\/strong><br>Als Diensteanbieter sind wir gem\u00e4\u00df \u00a7 7 Abs.1 TMG f\u00fcr eigene Inhalte auf diesen Seiten nach den allgemeinen\u00a0Gesetzen verantwortlich. Nach \u00a7\u00a7\u00a08 bis 10 TMG sind wir als Diensteanbieter jedoch nicht verpflichtet,\u00a0\u00fcbermittelte oder gespeicherte fremde Informationen zu \u00fcberwachen oder\u00a0nach Umst\u00e4nden zu forschen, die\u00a0auf eine rechtswidrige T\u00e4tigkeit hinweisen.<br><br>Verpflichtungen zur Entfernung oder Sperrung der Nutzung von Informationen nach den allgemeinen Gesetzen\u00a0bleiben hiervon unber\u00fchrt. Eine\u00a0diesbez\u00fcgliche Haftung ist jedoch erst ab dem Zeitpunkt der Kenntnis einer\u00a0konkreten Rechtsverletzung m\u00f6glich. Bei Bekanntwerden von\u00a0entsprechenden Rechtsverletzungen werden wir\u00a0diese Inhalte umgehend entfernen.<br><br><strong>Haftung f\u00fcr Links<\/strong><br><br>Unser Angebot enth\u00e4lt Links zu externen Websites Dritter, auf deren Inhalte wir keinen Einfluss haben.\u00a0Deshalb k\u00f6nnen wir f\u00fcr diese fremden\u00a0Inhalte auch keine Gew\u00e4hr \u00fcbernehmen. F\u00fcr die Inhalte der verlinkten\u00a0Seiten ist stets der jeweilige Anbieter oder Betreiber der Seiten\u00a0verantwortlich. Die verlinkten Seiten wurden\u00a0zum Zeitpunkt der Verlinkung auf m\u00f6gliche Rechtsverst\u00f6\u00dfe \u00fcberpr\u00fcft. Rechtswidrige Inhalte waren\u00a0zum\u00a0Zeitpunkt der Verlinkung nicht erkennbar.<br><br>Eine permanente inhaltliche Kontrolle der verlinkten Seiten ist jedoch ohne konkrete Anhaltspunkte einer\u00a0Rechtsverletzung nicht zumutbar. Bei\u00a0Bekanntwerden von Rechtsverletzungen werden wir derartige Links\u00a0umgehend entfernen.<br><br><strong>Urheberrecht<\/strong><br><br>Die durch die Seitenbetreiber erstellten Inhalte und Werke auf diesen Seiten unterliegen dem deutschen\u00a0Urheberrecht. Die Vervielf\u00e4ltigung,\u00a0Bearbeitung, Verbreitung und jede Art der Verwertung au\u00dferhalb der\u00a0Grenzen des Urheberrechtes bed\u00fcrfen der schriftlichen Zustimmung des\u00a0jeweiligen Autors bzw. Erstellers.\u00a0Downloads und Kopien dieser Seite sind nur f\u00fcr den privaten, nicht kommerziellen Gebrauch gestattet.<br><br>Soweit die Inhalte auf dieser Seite nicht vom Betreiber erstellt wurden, werden die Urheberrechte Dritter\u00a0beachtet. Insbesondere werden Inhalte\u00a0Dritter als solche gekennzeichnet. Sollten Sie trotzdem auf eine\u00a0Urheberrechtsverletzung aufmerksam werden, bitten wir um einen\u00a0entsprechenden Hinweis. Bei\u00a0Bekanntwerden von Rechtsverletzungen werden wir derartige Inhalte umgehend entfernen.<\/p>\n\n\n\n<p><\/p>\n","protected":false},"excerpt":{"rendered":"<p>Angaben gem\u00e4\u00df \u00a7 5 TMG:Susanne van Loosen &#8211; Spruit\u00a0Oberstrasse 753937 Schleiden Kontakt:Telefon:\u00a0+49 174-2447615E-Mail: magickalligino@gmail.com Haftung f\u00fcr InhalteAls Diensteanbieter sind wir gem\u00e4\u00df \u00a7 7 Abs.1 TMG f\u00fcr eigene Inhalte auf diesen Seiten nach den allgemeinen\u00a0Gesetzen verantwortlich. Nach \u00a7\u00a7\u00a08 bis 10 TMG sind wir als Diensteanbieter jedoch nicht verpflichtet,\u00a0\u00fcbermittelte oder gespeicherte fremde Informationen zu \u00fcberwachen oder\u00a0nach Umst\u00e4nden [&hellip;]<\/p>\n","protected":false},"author":1,"featured_media":0,"parent":0,"menu_order":0,"comment_status":"closed","ping_status":"closed","template":"","meta":{"_kadence_starter_templates_imported_post":false,"footnotes":""},"class_list":["post-238","page","type-page","status-publish","hentry"],"_links":{"self":[{"href":"https:\/\/magickalligino.com\/index.php?rest_route=\/wp\/v2\/pages\/238","targetHints":{"allow":["GET"]}}],"collection":[{"href":"https:\/\/magickalligino.com\/index.php?rest_route=\/wp\/v2\/pages"}],"about":[{"href":"https:\/\/magickalligino.com\/index.php?rest_route=\/wp\/v2\/types\/page"}],"author":[{"embeddable":true,"href":"https:\/\/magickalligino.com\/index.php?rest_route=\/wp\/v2\/users\/1"}],"replies":[{"embeddable":true,"href":"https:\/\/magickalligino.com\/index.php?rest_route=%2Fwp%2Fv2%2Fcomments&post=238"}],"version-history":[{"count":2,"href":"https:\/\/magickalligino.com\/index.php?rest_route=\/wp\/v2\/pages\/238\/revisions"}],"predecessor-version":[{"id":450,"href":"https:\/\/magickalligino.com\/index.php?rest_route=\/wp\/v2\/pages\/238\/revisions\/450"}],"wp:attachment":[{"href":"https:\/\/magickalligino.com\/index.php?rest_route=%2Fwp%2Fv2%2Fmedia&parent=238"}],"curies":[{"name":"wp","href":"https:\/\/api.w.org\/{rel}","templated":true}]}}