{"id":169,"date":"2022-01-14T17:37:57","date_gmt":"2022-01-14T17:37:57","guid":{"rendered":"http:\/\/magickalligino.com\/?page_id=169"},"modified":"2025-10-19T13:09:03","modified_gmt":"2025-10-19T13:09:03","slug":"uber-uns","status":"publish","type":"page","link":"https:\/\/magickalligino.com\/?page_id=169","title":{"rendered":"\u00dcber uns"},"content":{"rendered":"\n<p>Da ich mit Deutschen Sch\u00e4ferhunden aufgewachsen bin, waren Hunde schon immer ein wichtiger Teil meines Lebens.<br>Als ich mein eigenes Haus hatte, zog mein erster Hund bei mir ein \u2013 ein English Cocker Spaniel R\u00fcde namens&nbsp;<em>Kalligino<\/em>, den wir liebevoll \u201eGino\u201c nannten. Er war ein unglaublich lieber Junge und der Grund, warum ich mich in diese wunderbare Rasse verliebt habe.<\/p>\n\n\n\n<p>An Zucht dachte ich damals noch nicht \u2013 dieser Wunsch entstand erst, als Gino \u00e4lter wurde und nicht mehr als Deckr\u00fcde geeignet war. Also begann ich, mich intensiv zu informieren und viel \u00fcber Zucht und Gesundheit zu lernen. Nach zwei Jahren intensiver Recherche fand ich schlie\u00dflich meine erste H\u00fcndin \u2013 eine English Cocker Spaniel Dame, mit der ich den Grundstein f\u00fcr meine eigene kleine Liebhaberzucht einfarbiger English Cocker Spaniels legte.<\/p>\n\n\n\n<p>Und nun ist es endlich soweit! Unsere Amy und Rihanna haben die Zuchttauglichkeitspr\u00fcfung mit Erfolg bestanden. Alle erforderlichen Gesundheitsuntersuchungen wurden durchgef\u00fchrt und mit besten Ergebnissen bewertet, und auch ein eingetragener Zwingername ist vorhanden.<\/p>\n\n\n\n<p>Unser Ziel ist es,&nbsp;<strong>einfarbige English Cocker Spaniels zu z\u00fcchten, die gesund, charakterstark und wundersch\u00f6n sind<\/strong>\u2013 Familienhunde mit Herz und Verstand.<\/p>\n\n\n\n<p>Unsere Hunde Amy, Benthe und Rihanna leben mit uns im Haus. Dort werden auch die Welpen geboren und wachsen mitten im Familienalltag auf. So lernen sie von Anfang an alle Alltagsger\u00e4usche, Kinder und andere Tiere kennen. Bei sch\u00f6nem Wetter d\u00fcrfen sie im Garten spielen, und wenn es drau\u00dfen einmal ungem\u00fctlich ist, steht ihnen unser gro\u00dfer Stall als Spiel- und Toberaum zur Verf\u00fcgung \u2013 Platz zum Wohlf\u00fchlen ist also reichlich vorhanden.<\/p>\n\n\n\n<p>Zu unserer kleinen Familie geh\u00f6ren au\u00dferdem drei Hofkatzen, H\u00fchner und Schafe \u2013 so wachsen die Welpen in einer echten, lebendigen Umgebung auf und werden bestens sozialisiert.<br><\/p>\n\n\n\n<figure class=\"wp-block-image size-large is-resized is-style-rounded\"><img loading=\"lazy\" decoding=\"async\" width=\"768\" height=\"1024\" src=\"https:\/\/magickalligino.com\/wp-content\/uploads\/2023\/07\/IMG_9977-768x1024.jpeg\" alt=\"\" class=\"wp-image-203\" style=\"width:209px;height:auto\" srcset=\"https:\/\/magickalligino.com\/wp-content\/uploads\/2023\/07\/IMG_9977-768x1024.jpeg 768w, https:\/\/magickalligino.com\/wp-content\/uploads\/2023\/07\/IMG_9977-225x300.jpeg 225w, https:\/\/magickalligino.com\/wp-content\/uploads\/2023\/07\/IMG_9977-1152x1536.jpeg 1152w, https:\/\/magickalligino.com\/wp-content\/uploads\/2023\/07\/IMG_9977-1536x2048.jpeg 1536w, https:\/\/magickalligino.com\/wp-content\/uploads\/2023\/07\/IMG_9977-1200x1600.jpeg 1200w, https:\/\/magickalligino.com\/wp-content\/uploads\/2023\/07\/IMG_9977-scaled.jpeg 1920w\" sizes=\"auto, (max-width: 768px) 100vw, 768px\" \/><\/figure>\n\n\n<div class=\"wp-block-image is-resized is-style-rounded\">\n<figure class=\"aligncenter size-large\"><img loading=\"lazy\" decoding=\"async\" width=\"1024\" height=\"768\" src=\"https:\/\/magickalligino.com\/wp-content\/uploads\/2023\/07\/IMG_1548-1024x768.jpeg\" alt=\"\" class=\"wp-image-221\" style=\"width:201px;height:auto\" srcset=\"https:\/\/magickalligino.com\/wp-content\/uploads\/2023\/07\/IMG_1548-1024x768.jpeg 1024w, https:\/\/magickalligino.com\/wp-content\/uploads\/2023\/07\/IMG_1548-300x225.jpeg 300w, https:\/\/magickalligino.com\/wp-content\/uploads\/2023\/07\/IMG_1548-768x576.jpeg 768w, https:\/\/magickalligino.com\/wp-content\/uploads\/2023\/07\/IMG_1548-1536x1152.jpeg 1536w, https:\/\/magickalligino.com\/wp-content\/uploads\/2023\/07\/IMG_1548-2048x1536.jpeg 2048w, https:\/\/magickalligino.com\/wp-content\/uploads\/2023\/07\/IMG_1548-1200x900.jpeg 1200w\" sizes=\"auto, (max-width: 1024px) 100vw, 1024px\" \/><\/figure>\n<\/div>\n\n\n<p><br><\/p>\n\n\n<div class=\"wp-block-image is-resized is-style-rounded\">\n<figure class=\"alignright size-large\"><img loading=\"lazy\" decoding=\"async\" width=\"768\" height=\"1024\" src=\"https:\/\/magickalligino.com\/wp-content\/uploads\/2023\/07\/IMG_3711-768x1024.jpeg\" alt=\"\" class=\"wp-image-222\" style=\"width:217px;height:auto\" srcset=\"https:\/\/magickalligino.com\/wp-content\/uploads\/2023\/07\/IMG_3711-768x1024.jpeg 768w, https:\/\/magickalligino.com\/wp-content\/uploads\/2023\/07\/IMG_3711-225x300.jpeg 225w, https:\/\/magickalligino.com\/wp-content\/uploads\/2023\/07\/IMG_3711-1152x1536.jpeg 1152w, https:\/\/magickalligino.com\/wp-content\/uploads\/2023\/07\/IMG_3711-1536x2048.jpeg 1536w, https:\/\/magickalligino.com\/wp-content\/uploads\/2023\/07\/IMG_3711-1200x1600.jpeg 1200w, https:\/\/magickalligino.com\/wp-content\/uploads\/2023\/07\/IMG_3711-scaled.jpeg 1920w\" sizes=\"auto, (max-width: 768px) 100vw, 768px\" \/><\/figure>\n<\/div>\n\n\n<p><br><\/p>\n\n\n\n<div class=\"wp-block-media-text is-stacked-on-mobile\" style=\"grid-template-columns:34% auto\"><figure class=\"wp-block-media-text__media\"><img loading=\"lazy\" decoding=\"async\" width=\"576\" height=\"1024\" src=\"https:\/\/magickalligino.com\/wp-content\/uploads\/2025\/10\/3113fca8-7cdb-41c7-84c3-84aa74566a02-1-576x1024.jpg\" alt=\"\" class=\"wp-image-444 size-full\" srcset=\"https:\/\/magickalligino.com\/wp-content\/uploads\/2025\/10\/3113fca8-7cdb-41c7-84c3-84aa74566a02-1-576x1024.jpg 576w, https:\/\/magickalligino.com\/wp-content\/uploads\/2025\/10\/3113fca8-7cdb-41c7-84c3-84aa74566a02-1-169x300.jpg 169w, https:\/\/magickalligino.com\/wp-content\/uploads\/2025\/10\/3113fca8-7cdb-41c7-84c3-84aa74566a02-1-768x1365.jpg 768w, https:\/\/magickalligino.com\/wp-content\/uploads\/2025\/10\/3113fca8-7cdb-41c7-84c3-84aa74566a02-1-864x1536.jpg 864w, https:\/\/magickalligino.com\/wp-content\/uploads\/2025\/10\/3113fca8-7cdb-41c7-84c3-84aa74566a02-1.jpg 1152w\" sizes=\"auto, (max-width: 576px) 100vw, 576px\" \/><\/figure><div class=\"wp-block-media-text__content\">\n<p>Amy und Rihanna durend einen Spaziergang <\/p>\n<\/div><\/div>\n","protected":false},"excerpt":{"rendered":"<p>Da ich mit Deutschen Sch\u00e4ferhunden aufgewachsen bin, waren Hunde schon immer ein wichtiger Teil meines Lebens.Als ich mein eigenes Haus hatte, zog mein erster Hund bei mir ein \u2013 ein English Cocker Spaniel R\u00fcde namens&nbsp;Kalligino, den wir liebevoll \u201eGino\u201c nannten. Er war ein unglaublich lieber Junge und der Grund, warum ich mich in diese wunderbare [&hellip;]<\/p>\n","protected":false},"author":1,"featured_media":0,"parent":0,"menu_order":0,"comment_status":"closed","ping_status":"closed","template":"","meta":{"_kadence_starter_templates_imported_post":false,"footnotes":""},"class_list":["post-169","page","type-page","status-publish","hentry"],"_links":{"self":[{"href":"https:\/\/magickalligino.com\/index.php?rest_route=\/wp\/v2\/pages\/169","targetHints":{"allow":["GET"]}}],"collection":[{"href":"https:\/\/magickalligino.com\/index.php?rest_route=\/wp\/v2\/pages"}],"about":[{"href":"https:\/\/magickalligino.com\/index.php?rest_route=\/wp\/v2\/types\/page"}],"author":[{"embeddable":true,"href":"https:\/\/magickalligino.com\/index.php?rest_route=\/wp\/v2\/users\/1"}],"replies":[{"embeddable":true,"href":"https:\/\/magickalligino.com\/index.php?rest_route=%2Fwp%2Fv2%2Fcomments&post=169"}],"version-history":[{"count":10,"href":"https:\/\/magickalligino.com\/index.php?rest_route=\/wp\/v2\/pages\/169\/revisions"}],"predecessor-version":[{"id":448,"href":"https:\/\/magickalligino.com\/index.php?rest_route=\/wp\/v2\/pages\/169\/revisions\/448"}],"wp:attachment":[{"href":"https:\/\/magickalligino.com\/index.php?rest_route=%2Fwp%2Fv2%2Fmedia&parent=169"}],"curies":[{"name":"wp","href":"https:\/\/api.w.org\/{rel}","templated":true}]}}