{"id":162,"date":"2022-01-14T17:17:26","date_gmt":"2022-01-14T17:17:26","guid":{"rendered":"http:\/\/magickalligino.com\/?page_id=162"},"modified":"2025-10-17T17:00:49","modified_gmt":"2025-10-17T17:00:49","slug":"der-englische-cocker-spaniel","status":"publish","type":"page","link":"https:\/\/magickalligino.com\/?page_id=162","title":{"rendered":"Der Englische Cocker Spani\u00ebl"},"content":{"rendered":"\n<p class=\"has-small-font-size\"><br><br><strong>Der Ausdruck seiner dunklen Augen dringt tief ins Herz. Dabei ist der English Cocker Spaniel alles andere als ein verw\u00f6hnter Melancholiker. Der umtriebige Brite mit den langen Ohren begeistert als Familien-, Jagd- und Diensthund.<\/strong><br><br><br><strong>Die Pers\u00f6nlichkeit des English Cocker Spaniels<\/strong><br><br>Das Einsatzgebiet des smarten Briten lag von Anfang an bei der Jagd. St\u00f6bern, spurlautes Jagen, Apport und Schwei\u00dfarbeit sind die eigentlichen St\u00e4rken des sch\u00f6nen Spaniels. Und auch als Rauschgifthund an Bahnh\u00f6fen und Flugh\u00e4fen sind English Cocker Spaniels bew\u00e4hrt. Ihr hervorragender Geruchssinn macht es m\u00f6glich. Doch der Hund mit dem melancholischen Touch im Blick ist auch ein zauberhafter Familienhund. Nicht umsonst geh\u00f6rt er seit vielen Jahren zu den beliebtesten Hunderassen Deutschlands.<br><br><br><strong>Vorlieben, Erziehung und Pflege des English Cocker Spaniels<\/strong><br><br>Intelligenz, Anh\u00e4nglichkeit und Temperament sind Eigenschaften, die Liebhaber des Cocker Spaniels sch\u00e4tzen. Die verspielten Vierbeiner strahlen dar\u00fcber hinaus eine Fr\u00f6hlichkeit aus, die den Alltag erhellt und das Leben einfach sch\u00f6ner macht. Nun gut, ein Manko gibt es, aber auch dar\u00fcber l\u00e4sst sich diskutieren: Kaum ein Hund kann so herzerweichend blicken, wenn es darum geht, einen Leckerbissen zu erbeuten und das schl\u00e4gt sich \u2013 bei entsprechender Erfolgsbilanz \u2013 ganz gerne auf der Waage nieder. Letztendlich ist das Betteln aber auch eine Erziehungssache. Und einer konsequenten Erziehung bed\u00fcrfen English Cocker Spaniels nun einmal. Sie neigen ansonsten ganz gerne dazu, in der Familie den Ton anzugeben.\u00a0<br><br>Waren es fr\u00fcher vor allem J\u00e4ger, die sich f\u00fcr English Cocker Spaniels begeisterten, so sieht die Rasse heute einem weitaus vielf\u00e4ltigeren Anforderungsprofil entgegen. Als Haus- und Begleithund in Familien f\u00fchlt sich der charmante Brite \u00e4u\u00dferst wohl. Man sieht die eifrigen Jagdhunde auf Agility-Pl\u00e4tzen, bei Obedience-Pr\u00fcfungen und vielen anderen Sportarten. Die jagdlichen F\u00e4higkeiten haben sich trotz dieser Entwicklung hin zum Freizeithund nicht zur\u00fcck entwickelt. Schlie\u00dflich gibt es nach wie vor viele Cocker Spaniel-Halter, die Wert auf eine jagdliche F\u00fchrung ihres Hundes legen.\u00a0<br><br>In punkto Pflege sind Cocker Spaniels unkompliziert. Greift man regelm\u00e4\u00dfig zur B\u00fcrste, reicht das f\u00fcr den Alltag. Das attraktive Haarkleid sollte alle ein bis zwei Tage mit dem Strich geb\u00fcrstet werden. Ohren, Vorderl\u00e4ufe, Brust, Bauch, Hinterl\u00e4ufe und Ges\u00e4\u00df werden mit einem groben Kamm gepflegt. Mit einem feinen Kamm entfernt man anschlie\u00dfend gel\u00f6ste, tote Haare. Verfilzungen entwirrt man vorsichtig mit den Fingern oder schneidet sie notfalls heraus. Eine B\u00fcrste mit Metallborsten ist beim Styling auch recht hilfreich. Die wundersch\u00f6nen langen Ohren bed\u00fcrfen jedoch regelm\u00e4\u00dfiger Kontrolle.\u00a0<br><br><br><strong>So sieht der English Cocker Spaniel aus<\/strong><br><br>Der sportliche Brite ist ein mittelgro\u00dfer, kompakter Hund mit ausgewogenen Proportionen. Er wirkt robust und genau das ist er auch. Das unerm\u00fcdliche Rutenspiel ist Ausdruck seiner angeborenen Fr\u00f6hlichkeit. Das glatte, seidige Haarkleid sollte keinesfalls drahtig oder wellig sein. &#8211; Auch nicht zu \u00fcppig oder gar lockig. Die Rasse pr\u00e4sentiert sich in einer herrlichen Farbvielfalt. Einfarbig: Schwarz, Rot, Gold, Leber (Schokoladenbraun), Schwarz mit Loh, Braun mit Loh. Bei diesen Farben ist kein Wei\u00df, au\u00dfer ein kleiner Fleck an der Brust, erlaubt. Mehrfarbig: Zweifarbig > Schwarz-Wei?; Orange-Wei\u00df; Braun-Wei\u00df; Lemon-Wei?. All diese Farben ko?nnen mit oder ohne T\u00fc?pfelung sein. Dreifarbig: Schwarz, Wei? mit Loh; Braun, Wei? mit Loh. Schimmel: Blauschimmel, Orangeschimmel, Lemonschimmel, Braunschimmel, Blauschimmel mit Loh, Braunschimmel mit Loh.\u00a0<br><br><br><strong>Die Herkunft des English Cocker Spaniels<\/strong><br><br>English Cocker Spaniels geh\u00f6ren zu den \u00e4ltesten Hunderassen. Ihre Vorfahren sind die spanischen Vogelhunde. Spaniels und Setter voneinander zu unterscheiden, f\u00e4llt den meisten Hundekennern leicht. Dabei war diese Trennung l\u00e4ngst nicht immer so klar. Bis ins 18. Jahrhundert hinein galt die Unterscheidung als schwierig. In England gab es sogar zum Vorstehen abgerichtete Spaniels, die man offiziell als Setter bezeichnete.<br><br>Der Name Cocker ist erst seit Ende des 18. Jahrhunderts gel\u00e4ufig. Cocker wurde vom englischen Woodcock (= Waldschnepfe) abgeleitet, weil eben diese in den W\u00e4ldern von den Hunden aufgescheucht wurde. Aber auch zu diesem Zeitpunkt wusste niemand, welche Hunde eigentlich genau unter diese Bezeichnung fielen. Obwohl es tendenziell in die heutige Richtung ging, herrschte lange Zeit Wirrwarr um den Cocker Spaniel. Der Typ interessierte anfangs wenig &#8211; alle Spaniels unter 25 Pfund Gewicht galten als Cocker. Deshalb blieben Cocker Spaniels lange eine Zwischenstufe zwischen Working Spaniel und Toy Spaniel. Cocker Spaniels ver\u00e4nderten sich im Laufe der letzten 120 Jahre immer wieder. Anf\u00e4nglich gab es den gedrungenen, massigen Cob- und den eleganteren Settertyp. Wobei sich der Cobtyp, den man lange vor allem bei dunklen Farbschl\u00e4gen des Cockers fand, als unpopul\u00e4rer erwies. Der neue Typ des Cocker Spaniels n\u00e4hert sich wieder mehr dem urspr\u00fcnglichen Typ an. Der Hintergrund: die jagdliche Eignung des Hundes. Denn der Ausstellungshund mit l\u00e4ngerem R\u00fccken und imposanten Behang hatte seine liebe Not bei anspruchsvollem Gel\u00e4nde mit Gestr\u00fcpp und Dornen.<\/p>\n\n\n\n<p><\/p>\n\n\n\n<p><a href=\"https:\/\/www.vdh.de\/welpen\/mein-welpe\/english-cocker-spaniel\">https:\/\/www.vdh.de\/welpen\/mein-welpe\/english-cocker-spaniel<\/a><\/p>\n\n\n\n<p><\/p>\n","protected":false},"excerpt":{"rendered":"<p>Der Ausdruck seiner dunklen Augen dringt tief ins Herz. Dabei ist der English Cocker Spaniel alles andere als ein verw\u00f6hnter Melancholiker. Der umtriebige Brite mit den langen Ohren begeistert als Familien-, Jagd- und Diensthund. Die Pers\u00f6nlichkeit des English Cocker Spaniels Das Einsatzgebiet des smarten Briten lag von Anfang an bei der Jagd. St\u00f6bern, spurlautes Jagen, [&hellip;]<\/p>\n","protected":false},"author":1,"featured_media":0,"parent":0,"menu_order":0,"comment_status":"closed","ping_status":"closed","template":"","meta":{"_kadence_starter_templates_imported_post":false,"footnotes":""},"class_list":["post-162","page","type-page","status-publish","hentry"],"_links":{"self":[{"href":"https:\/\/magickalligino.com\/index.php?rest_route=\/wp\/v2\/pages\/162","targetHints":{"allow":["GET"]}}],"collection":[{"href":"https:\/\/magickalligino.com\/index.php?rest_route=\/wp\/v2\/pages"}],"about":[{"href":"https:\/\/magickalligino.com\/index.php?rest_route=\/wp\/v2\/types\/page"}],"author":[{"embeddable":true,"href":"https:\/\/magickalligino.com\/index.php?rest_route=\/wp\/v2\/users\/1"}],"replies":[{"embeddable":true,"href":"https:\/\/magickalligino.com\/index.php?rest_route=%2Fwp%2Fv2%2Fcomments&post=162"}],"version-history":[{"count":4,"href":"https:\/\/magickalligino.com\/index.php?rest_route=\/wp\/v2\/pages\/162\/revisions"}],"predecessor-version":[{"id":423,"href":"https:\/\/magickalligino.com\/index.php?rest_route=\/wp\/v2\/pages\/162\/revisions\/423"}],"wp:attachment":[{"href":"https:\/\/magickalligino.com\/index.php?rest_route=%2Fwp%2Fv2%2Fmedia&parent=162"}],"curies":[{"name":"wp","href":"https:\/\/api.w.org\/{rel}","templated":true}]}}