{"id":105,"date":"2022-01-03T17:12:49","date_gmt":"2022-01-03T17:12:49","guid":{"rendered":"http:\/\/magickalligino.com\/?page_id=105"},"modified":"2026-05-05T21:05:36","modified_gmt":"2026-05-05T21:05:36","slug":"home","status":"publish","type":"page","link":"https:\/\/magickalligino.com\/","title":{"rendered":"Magic Kalligino"},"content":{"rendered":"\n<p class=\"has-text-align-center has-black-color has-text-color has-link-color has-small-font-size wp-elements-058373b9d4c922737b15c815351f1f30\"><br><br>Kleiner Hobby Zucht von der Einfarbiger Englisch Cocker Spani\u00ebl in NRW <br>Wir legen viel wert darauf Fr\u00f6hliche, Liebe, Gesunde und Rassentypische Cockers zu z\u00fcchten.<br><br>\ud83c\udf38\ud83c\udf38\ud83c\udf38\ud83c\udf38\ud83c\udf38\ud83c\udf38\ud83c\udf38\ud83c\udf38\ud83c\udf38\ud83c\udf38\ud83c\udf38\ud83c\udf38\ud83c\udf38\ud83c\udf38\ud83c\udf38<\/p>\n\n\n\n<p class=\"has-text-align-center has-black-color has-text-color has-link-color has-medium-font-size wp-elements-10c5a740fe7b4cbeef7806f22f7a0fef\">Manchmal beginnen gro\u00dfe Abenteuer ganz klein&#8230; \ud83d\udc3e<\/p>\n\n\n\n<p class=\"has-text-align-center has-black-color has-text-color has-link-color has-small-font-size wp-elements-5a22bc4940142d53914dc9e4ef1a87b4\">Unsere Amy hat am 11\/12 April 6 Wundersch\u00f6ne Welpen bekommen.<br>Es sind 2 H\u00fcndinnen und 4 R\u00fcden.<br><br>1 Schwarz mit Loh R\u00fcde ist noch frei.<br><br><\/p>\n\n\n<div class=\"wp-block-image\">\n<figure class=\"aligncenter size-full is-resized\"><img decoding=\"async\" src=\"https:\/\/magickalligino.com\/wp-content\/uploads\/2026\/05\/IMG_2409.heic\" alt=\"\" class=\"wp-image-514\" style=\"width:723px;height:auto\"\/><\/figure>\n<\/div>\n\n\n<p class=\"has-text-align-center has-black-color has-text-color has-link-color has-small-font-size wp-elements-07e75cf1c75e6bc75719c748df150957\"><br><br><br>\ud83c\udf38\ud83c\udf38\ud83c\udf38\ud83c\udf38\ud83c\udf38\ud83c\udf38\ud83c\udf38\ud83c\udf38\ud83c\udf38\ud83c\udf38\ud83c\udf38\ud83c\udf38\ud83c\udf38\ud83c\udf38\ud83c\udf38<br><br><\/p>\n\n\n\n<figure class=\"wp-block-image\"><img loading=\"lazy\" decoding=\"async\" width=\"1829\" height=\"2560\" src=\"https:\/\/magickalligino.com\/wp-content\/uploads\/2026\/03\/EB22C53D-E876-43A3-863D-1706EE0092E0-scaled.jpeg\" alt=\"\" class=\"wp-image-489\" srcset=\"https:\/\/magickalligino.com\/wp-content\/uploads\/2026\/03\/EB22C53D-E876-43A3-863D-1706EE0092E0-scaled.jpeg 1829w, https:\/\/magickalligino.com\/wp-content\/uploads\/2026\/03\/EB22C53D-E876-43A3-863D-1706EE0092E0-214x300.jpeg 214w, https:\/\/magickalligino.com\/wp-content\/uploads\/2026\/03\/EB22C53D-E876-43A3-863D-1706EE0092E0-732x1024.jpeg 732w, https:\/\/magickalligino.com\/wp-content\/uploads\/2026\/03\/EB22C53D-E876-43A3-863D-1706EE0092E0-768x1075.jpeg 768w, https:\/\/magickalligino.com\/wp-content\/uploads\/2026\/03\/EB22C53D-E876-43A3-863D-1706EE0092E0-1097x1536.jpeg 1097w, https:\/\/magickalligino.com\/wp-content\/uploads\/2026\/03\/EB22C53D-E876-43A3-863D-1706EE0092E0-1463x2048.jpeg 1463w, https:\/\/magickalligino.com\/wp-content\/uploads\/2026\/03\/EB22C53D-E876-43A3-863D-1706EE0092E0-1200x1680.jpeg 1200w\" sizes=\"auto, (max-width: 1829px) 100vw, 1829px\" \/><\/figure>\n\n\n\n<p class=\"has-text-align-center has-black-color has-text-color has-link-color has-small-font-size wp-elements-3ddf3bd7d940d9f539d4a675eca2edea\"><br>Ein ersten Blick auf die Zukunftige Welpen <br>\ud83c\udf38\ud83c\udf38\ud83c\udf38\ud83c\udf38\ud83c\udf38\ud83c\udf38\ud83c\udf38\ud83c\udf38\ud83c\udf38\ud83c\udf38\ud83c\udf38\ud83c\udf38\ud83c\udf38\ud83c\udf38\ud83c\udf38<br><\/p>\n\n\n\n<figure class=\"wp-block-image\"><img decoding=\"async\" src=\"https:\/\/magickalligino.com\/wp-content\/uploads\/2026\/03\/IMG_1367.heic\" alt=\"\" class=\"wp-image-492\"\/><\/figure>\n\n\n\n<p class=\"has-text-align-center has-black-color has-white-background-color has-text-color has-background has-link-color has-small-font-size wp-elements-a94f8c62fb81b1fde44670f10857e146\">\ud83c\udf38\ud83c\udf38\ud83c\udf38<br><br>\ud83c\udf38Abh\u00e4ngig von der Verpaarung k\u00f6nnen bei uns Welpen in den Farben Schwarz, Rot und Schwarz mit Loh fallen\ud83c\udf38<\/p>\n\n\n<div class=\"wp-block-image\">\n<figure class=\"aligncenter size-large is-resized\"><img loading=\"lazy\" decoding=\"async\" width=\"1024\" height=\"1024\" src=\"https:\/\/magickalligino.com\/wp-content\/uploads\/2023\/07\/PhotoRoom_20230725_203201-1024x1024.jpeg\" alt=\"\" class=\"wp-image-201\" style=\"aspect-ratio:1;width:208px;height:auto\" srcset=\"https:\/\/magickalligino.com\/wp-content\/uploads\/2023\/07\/PhotoRoom_20230725_203201-1024x1024.jpeg 1024w, https:\/\/magickalligino.com\/wp-content\/uploads\/2023\/07\/PhotoRoom_20230725_203201-300x300.jpeg 300w, https:\/\/magickalligino.com\/wp-content\/uploads\/2023\/07\/PhotoRoom_20230725_203201-150x150.jpeg 150w, https:\/\/magickalligino.com\/wp-content\/uploads\/2023\/07\/PhotoRoom_20230725_203201-768x768.jpeg 768w, https:\/\/magickalligino.com\/wp-content\/uploads\/2023\/07\/PhotoRoom_20230725_203201-1536x1536.jpeg 1536w, https:\/\/magickalligino.com\/wp-content\/uploads\/2023\/07\/PhotoRoom_20230725_203201-1200x1200.jpeg 1200w, https:\/\/magickalligino.com\/wp-content\/uploads\/2023\/07\/PhotoRoom_20230725_203201.jpeg 2048w\" sizes=\"auto, (max-width: 1024px) 100vw, 1024px\" \/><\/figure>\n<\/div>\n\n\n<p class=\"has-text-align-center has-small-font-size\">Wir sprechen Deutsch, Wij spreken Nederlands, We speak Englisch<\/p>\n\n\n\n<p class=\"has-text-align-center has-small-font-size\">Wir z\u00fcchten in Spaniel Club Deutschland im VDH (Verband f\u00fcr das Deutsche Hundewesen)  \/<br>FCI (Federation Cynologique Internationale, for Pedigree Dogs World Wide) <\/p>\n\n\n\n<div class=\"wp-block-columns is-layout-flex wp-container-core-columns-is-layout-9d6595d7 wp-block-columns-is-layout-flex\">\n<div class=\"wp-block-column is-layout-flow wp-block-column-is-layout-flow\" style=\"flex-basis:33.34%\">\n<figure class=\"wp-block-image size-full\"><img loading=\"lazy\" decoding=\"async\" width=\"179\" height=\"133\" src=\"https:\/\/magickalligino.com\/wp-content\/uploads\/2023\/07\/IMG_0201.png\" alt=\"\" class=\"wp-image-213\"\/><\/figure>\n<\/div>\n\n\n\n<div class=\"wp-block-column is-vertically-aligned-center is-layout-flow wp-block-column-is-layout-flow\" style=\"flex-basis:33.34%\">\n<figure class=\"wp-block-image size-full\"><img loading=\"lazy\" decoding=\"async\" width=\"657\" height=\"168\" src=\"https:\/\/magickalligino.com\/wp-content\/uploads\/2023\/07\/IMG_0202.png\" alt=\"\" class=\"wp-image-214\" srcset=\"https:\/\/magickalligino.com\/wp-content\/uploads\/2023\/07\/IMG_0202.png 657w, https:\/\/magickalligino.com\/wp-content\/uploads\/2023\/07\/IMG_0202-300x77.png 300w\" sizes=\"auto, (max-width: 657px) 100vw, 657px\" \/><\/figure>\n<\/div>\n\n\n\n<div class=\"wp-block-column is-layout-flow wp-block-column-is-layout-flow\" style=\"flex-basis:33.33%\"><div class=\"wp-block-image\">\n<figure class=\"aligncenter size-large is-resized\"><img loading=\"lazy\" decoding=\"async\" width=\"1024\" height=\"1024\" src=\"https:\/\/magickalligino.com\/wp-content\/uploads\/2023\/07\/IMG_0200-1024x1024.png\" alt=\"\" class=\"wp-image-212\" style=\"aspect-ratio:1;width:91px;height:auto\" srcset=\"https:\/\/magickalligino.com\/wp-content\/uploads\/2023\/07\/IMG_0200-1024x1024.png 1024w, https:\/\/magickalligino.com\/wp-content\/uploads\/2023\/07\/IMG_0200-300x300.png 300w, https:\/\/magickalligino.com\/wp-content\/uploads\/2023\/07\/IMG_0200-150x150.png 150w, https:\/\/magickalligino.com\/wp-content\/uploads\/2023\/07\/IMG_0200-768x768.png 768w, https:\/\/magickalligino.com\/wp-content\/uploads\/2023\/07\/IMG_0200-1536x1536.png 1536w, https:\/\/magickalligino.com\/wp-content\/uploads\/2023\/07\/IMG_0200-1200x1200.png 1200w, https:\/\/magickalligino.com\/wp-content\/uploads\/2023\/07\/IMG_0200.png 2048w\" sizes=\"auto, (max-width: 1024px) 100vw, 1024px\" \/><\/figure>\n<\/div><\/div>\n<\/div>\n\n\n\n<figure class=\"wp-block-gallery has-nested-images columns-default is-cropped wp-block-gallery-1 is-layout-flex wp-block-gallery-is-layout-flex\">\n<figure class=\"wp-block-image size-large is-resized\"><img loading=\"lazy\" decoding=\"async\" width=\"1024\" height=\"657\" data-id=\"372\" src=\"https:\/\/magickalligino.com\/wp-content\/uploads\/2025\/06\/ZC25-Plakette_big-1024x657.jpg\" alt=\"\" class=\"wp-image-372\" style=\"width:194px;height:auto\" srcset=\"https:\/\/magickalligino.com\/wp-content\/uploads\/2025\/06\/ZC25-Plakette_big-1024x657.jpg 1024w, https:\/\/magickalligino.com\/wp-content\/uploads\/2025\/06\/ZC25-Plakette_big-300x193.jpg 300w, https:\/\/magickalligino.com\/wp-content\/uploads\/2025\/06\/ZC25-Plakette_big-768x493.jpg 768w, https:\/\/magickalligino.com\/wp-content\/uploads\/2025\/06\/ZC25-Plakette_big-1536x986.jpg 1536w, https:\/\/magickalligino.com\/wp-content\/uploads\/2025\/06\/ZC25-Plakette_big-1200x770.jpg 1200w, https:\/\/magickalligino.com\/wp-content\/uploads\/2025\/06\/ZC25-Plakette_big.jpg 1834w\" sizes=\"auto, (max-width: 1024px) 100vw, 1024px\" \/><\/figure>\n\n\n\n<figure class=\"wp-block-image size-large is-resized\"><img loading=\"lazy\" decoding=\"async\" width=\"1024\" height=\"657\" data-id=\"502\" src=\"https:\/\/magickalligino.com\/wp-content\/uploads\/2026\/03\/IMG_0904-1024x657.jpg\" alt=\"\" class=\"wp-image-502\" style=\"width:180px;height:auto\" srcset=\"https:\/\/magickalligino.com\/wp-content\/uploads\/2026\/03\/IMG_0904-1024x657.jpg 1024w, https:\/\/magickalligino.com\/wp-content\/uploads\/2026\/03\/IMG_0904-300x193.jpg 300w, https:\/\/magickalligino.com\/wp-content\/uploads\/2026\/03\/IMG_0904-768x493.jpg 768w, https:\/\/magickalligino.com\/wp-content\/uploads\/2026\/03\/IMG_0904-1536x986.jpg 1536w, https:\/\/magickalligino.com\/wp-content\/uploads\/2026\/03\/IMG_0904-1200x770.jpg 1200w, https:\/\/magickalligino.com\/wp-content\/uploads\/2026\/03\/IMG_0904.jpg 1834w\" sizes=\"auto, (max-width: 1024px) 100vw, 1024px\" \/><\/figure>\n<\/figure>\n\n\n\n<p><\/p>\n","protected":false},"excerpt":{"rendered":"<p>Kleiner Hobby Zucht von der Einfarbiger Englisch Cocker Spani\u00ebl in NRW Wir legen viel wert darauf Fr\u00f6hliche, Liebe, Gesunde und Rassentypische Cockers zu z\u00fcchten. \ud83c\udf38\ud83c\udf38\ud83c\udf38\ud83c\udf38\ud83c\udf38\ud83c\udf38\ud83c\udf38\ud83c\udf38\ud83c\udf38\ud83c\udf38\ud83c\udf38\ud83c\udf38\ud83c\udf38\ud83c\udf38\ud83c\udf38 Manchmal beginnen gro\u00dfe Abenteuer ganz klein&#8230; \ud83d\udc3e Unsere Amy hat am 11\/12 April 6 Wundersch\u00f6ne Welpen bekommen.Es sind 2 H\u00fcndinnen und 4 R\u00fcden. 1 Schwarz mit Loh R\u00fcde ist noch [&hellip;]<\/p>\n","protected":false},"author":1,"featured_media":0,"parent":0,"menu_order":0,"comment_status":"closed","ping_status":"closed","template":"","meta":{"_kadence_starter_templates_imported_post":false,"footnotes":""},"class_list":["post-105","page","type-page","status-publish","hentry"],"_links":{"self":[{"href":"https:\/\/magickalligino.com\/index.php?rest_route=\/wp\/v2\/pages\/105","targetHints":{"allow":["GET"]}}],"collection":[{"href":"https:\/\/magickalligino.com\/index.php?rest_route=\/wp\/v2\/pages"}],"about":[{"href":"https:\/\/magickalligino.com\/index.php?rest_route=\/wp\/v2\/types\/page"}],"author":[{"embeddable":true,"href":"https:\/\/magickalligino.com\/index.php?rest_route=\/wp\/v2\/users\/1"}],"replies":[{"embeddable":true,"href":"https:\/\/magickalligino.com\/index.php?rest_route=%2Fwp%2Fv2%2Fcomments&post=105"}],"version-history":[{"count":30,"href":"https:\/\/magickalligino.com\/index.php?rest_route=\/wp\/v2\/pages\/105\/revisions"}],"predecessor-version":[{"id":518,"href":"https:\/\/magickalligino.com\/index.php?rest_route=\/wp\/v2\/pages\/105\/revisions\/518"}],"wp:attachment":[{"href":"https:\/\/magickalligino.com\/index.php?rest_route=%2Fwp%2Fv2%2Fmedia&parent=105"}],"curies":[{"name":"wp","href":"https:\/\/api.w.org\/{rel}","templated":true}]}}